{"id":3581,"date":"2020-05-05T12:02:03","date_gmt":"2020-05-05T10:02:03","guid":{"rendered":"http:\/\/www.patipatti.com\/?post_type=product&#038;p=3581"},"modified":"2024-02-16T17:54:49","modified_gmt":"2024-02-16T16:54:49","slug":"matcha-gelato","status":"publish","type":"product","link":"https:\/\/www.patipatti.com\/cs\/shop\/gelato\/matcha-gelato\/","title":{"rendered":"Matcha Gelato"},"content":{"rendered":"<p>Fanou\u0161ci matcha, matcha latt\u00e9 a matcha dezert\u016f si r\u00e1di vychutnaj\u00ed \u017eiv\u00fd zelen\u00fd kope\u010dek s bohatou chut\u00ed matcha. V na\u0161em gelato pou\u017e\u00edv\u00e1me pouze kvalitn\u00ed matchu. Ka\u017ed\u00e1 vana Matcha gelato obsahuje ekvivalent 6 porc\u00ed usucha (\u201e\u0159\u00eddk\u00e9ho\u201c \u010daje)!<\/p>\n<p>Matcha, pou\u017e\u00edvan\u00e1 pro v\u00fdrobu tohoto gelata, je produktem ekologick\u00e9ho zem\u011bd\u011blstv\u00ed z mal\u00e9 rodinn\u00e9 \u010dajov\u00e9 zahrady v prefektu\u0159e Shizuoka v Japonsku. Na\u0161e gelato je vyrobeno z kr\u00e9mov\u00e9 sm\u011bsi ke\u0161u a para o\u0159ech\u016f, co\u017e mu dod\u00e1v\u00e1 velice bohatou, a\u017e dekadentn\u00ed chu\u0165.<\/p>\n<p>&nbsp;<\/p>\n<p>\u2022 Matcha Vegan Gelato<br \/>\n\u2022 100% Rostlinn\u00e9ho p\u016fvodu<br \/>\n\u2022 Certifikovan\u00e9 BIO ingredience<br \/>\n\u2022 Certifikovan\u00e1 BIO matcha z prefektury Shizuoka, Japonska (odr\u016fda Yabukita)<br \/>\n\u2022 Neobsahuje s\u00f3ju a lepek<br \/>\n\u2022 Alergeny: <strong>O\u0158ECHY<\/strong><\/p>","protected":false},"excerpt":{"rendered":"<p>Even if you have never tried matcha green tea before, it is easy to fall in love with our matcha gelato.<\/p>\n<p>The intriguing nutty and vegetal aromatics of matcha, are balanced with a savoury umami and rounded out with a pleasant tinge of bitterness. We tried over 25 types of organic matcha before finding this particular matcha that harmonises perfectly in our gelato, while retaining the bright tea flavours inherent in a matcha.<\/p>\n<p>[tooltip_icons theme=\"borderless\" image_id=\"4738\" img_width=\"60px\" text=\"Organic\" caption_url=\"\"][tooltip_icons theme=\"borderless\" image_id=\"4716\" img_width=\"60px\" text=\"Vegan\" caption_url=\"\"][tooltip_icons theme=\"borderless\" image_id=\"4714\" img_width=\"60px\" text=\"Freshly Handmade\" caption_url=\"\"][tooltip_icons theme=\"borderless\" image_id=\"4711\" img_width=\"60px\" text=\"Made in CZ\" caption_url=\"\"][tooltip_icons theme=\"borderless\" image_id=\"4710\" img_width=\"60px\" text=\"Contains Nuts\" caption_url=\"\"][tooltip_icons theme=\"borderless\" image_id=\"4713\" img_width=\"60px\" text=\"Free from Soy\" caption_url=\"\"]<\/p>\n<p>&nbsp;<\/p>\n","protected":false},"featured_media":6842,"template":"","meta":[],"product_brand":[396,412,416,404,408,400],"product_cat":[364],"product_tag":[360],"class_list":{"0":"post-3581","1":"product","2":"type-product","3":"status-publish","4":"has-post-thumbnail","6":"product_brand-1-certifiedorganic","7":"product_brand-6-containsnuts","8":"product_brand-7-freefromsoy","9":"product_brand-3-handmade","10":"product_brand-4-madeincz","11":"product_brand-2-vegan","12":"product_cat-gelato","13":"product_tag-frozen","14":"product_shipping_class-frozenproduct","16":"first","17":"instock","18":"taxable","19":"shipping-taxable","20":"product-type-external"},"_links":{"self":[{"href":"https:\/\/www.patipatti.com\/cs\/wp-json\/wp\/v2\/product\/3581","targetHints":{"allow":["GET"]}}],"collection":[{"href":"https:\/\/www.patipatti.com\/cs\/wp-json\/wp\/v2\/product"}],"about":[{"href":"https:\/\/www.patipatti.com\/cs\/wp-json\/wp\/v2\/types\/product"}],"wp:featuredmedia":[{"embeddable":true,"href":"https:\/\/www.patipatti.com\/cs\/wp-json\/wp\/v2\/media\/6842"}],"wp:attachment":[{"href":"https:\/\/www.patipatti.com\/cs\/wp-json\/wp\/v2\/media?parent=3581"}],"wp:term":[{"taxonomy":"product_brand","embeddable":true,"href":"https:\/\/www.patipatti.com\/cs\/wp-json\/wp\/v2\/product_brand?post=3581"},{"taxonomy":"product_cat","embeddable":true,"href":"https:\/\/www.patipatti.com\/cs\/wp-json\/wp\/v2\/product_cat?post=3581"},{"taxonomy":"product_tag","embeddable":true,"href":"https:\/\/www.patipatti.com\/cs\/wp-json\/wp\/v2\/product_tag?post=3581"}],"curies":[{"name":"wp","href":"https:\/\/api.w.org\/{rel}","templated":true}]}}