{"id":4196,"date":"2020-05-10T14:42:11","date_gmt":"2020-05-10T12:42:11","guid":{"rendered":"https:\/\/www.patipatti.com\/?page_id=4196"},"modified":"2020-05-18T11:21:53","modified_gmt":"2020-05-18T09:21:53","slug":"faq","status":"publish","type":"page","link":"https:\/\/www.patipatti.com\/cs\/faq\/","title":{"rendered":"FAQ"},"content":{"rendered":"<div class=\"wpb-content-wrapper\"><div class=\"vc_row wpb_row row\"><div class=\"wpb_column vc_column_container col-sm-12\"><div class=\"vc_column-inner\"><div class=\"wpb_wrapper\"><h2 style=\"font-size: 42px;text-align: center;font-family:Quicksand;font-weight:400;font-style:normal\" class=\"vc_custom_heading\" >\u010casto kladen\u00e9 ot\u00e1zky<\/h2><\/div><\/div><\/div><\/div><div class=\"vc_row wpb_row row\"><div class=\"wpb_column vc_column_container col-sm-2\"><div class=\"vc_column-inner\"><div class=\"wpb_wrapper\"><\/div><\/div><\/div><div class=\"wpb_column vc_column_container col-sm-8\"><div class=\"vc_column-inner\"><div class=\"wpb_wrapper\"><h5 style=\"font-size: 28px;text-align: left;font-family:Quicksand;font-weight:400;font-style:normal\" class=\"vc_custom_heading\" >Gelato<\/h5><div class=\"vc_tta-container\" data-vc-action=\"collapseAll\"><div class=\"vc_general vc_tta vc_tta-accordion vc_tta-color-grey vc_tta-style-learts vc_tta-shape-square vc_tta-o-shape-group vc_tta-gap-5 vc_tta-controls-align-default vc_tta-o-no-fill vc_tta-o-all-clickable\"><div class=\"vc_tta-panels-container\"><div class=\"vc_tta-panels\"><div class=\"vc_tta-panel vc_active\" id=\"1589110224157-e67a9552-8890\" data-vc-content=\".vc_tta-panel-body\"><div class=\"vc_tta-panel-heading\"><h4 class=\"vc_tta-panel-title vc_tta-controls-icon-position-left\"><a href=\"#1589110224157-e67a9552-8890\" data-vc-accordion data-vc-container=\".vc_tta-container\"><span class=\"vc_tta-title-text\">Z \u010deho je va\u0161e gelato?<\/span><i class=\"vc_tta-controls-icon vc_tta-controls-icon-plus\"><\/i><\/a><\/h4><\/div><div class=\"vc_tta-panel-body\">\n\t<div class=\"wpb_text_column wpb_content_element\" >\n\t\t<div class=\"wpb_wrapper\">\n\t\t\t<p>N\u00e1\u0161 gelato z\u00e1klad vyr\u00e1b\u00edme ze syrov\u00fdch ke\u0161u o\u0159\u00ed\u0161k\u016f, para o\u0159ech\u016f a ovsa. Na\u0161e o\u0159echy a oves jsou rozemlety na pastu a sm\u00edch\u00e1ny s cukrem, sol\u00ed a dal\u0161\u00edmi p\u0159\u00edsadami, kter\u00e9 jsou uvedeny na str\u00e1nk\u00e1ch jednotliv\u00fdch produkt\u016f. Z\u00e1klad m\u00e1 \u010das zest\u00e1rnout, tak\u017ee se chut\u011b pln\u011b rozvinou. Pot\u00e9 sm\u011bs pomalu \u0161leh\u00e1me v d\u00e1vkov\u00e9m mraz\u00e1ku, aby vzniklo hutn\u00e9 kr\u00e9mov\u00e9 gelato.<\/p>\n\n\t\t<\/div>\n\t<\/div>\n<\/div><\/div><\/div><\/div><\/div><\/div><\/div><\/div><\/div><div class=\"wpb_column vc_column_container col-sm-2\"><div class=\"vc_column-inner\"><div class=\"wpb_wrapper\"><\/div><\/div><\/div><\/div><div class=\"vc_row wpb_row row\"><div class=\"wpb_column vc_column_container col-sm-2\"><div class=\"vc_column-inner\"><div class=\"wpb_wrapper\"><\/div><\/div><\/div><div class=\"wpb_column vc_column_container col-sm-8\"><div class=\"vc_column-inner\"><div class=\"wpb_wrapper\"><h5 style=\"font-size: 28px;text-align: left;font-family:Quicksand;font-weight:400;font-style:normal\" class=\"vc_custom_heading\" >Patipatti<\/h5><div class=\"vc_tta-container\" data-vc-action=\"collapseAll\"><div class=\"vc_general vc_tta vc_tta-accordion vc_tta-color-grey vc_tta-style-learts vc_tta-shape-square vc_tta-o-shape-group vc_tta-gap-5 vc_tta-controls-align-default vc_tta-o-no-fill vc_tta-o-all-clickable\"><div class=\"vc_tta-panels-container\"><div class=\"vc_tta-panels\"><div class=\"vc_tta-panel vc_active\" id=\"1589719930620-98f0b5e1-717d\" data-vc-content=\".vc_tta-panel-body\"><div class=\"vc_tta-panel-heading\"><h4 class=\"vc_tta-panel-title vc_tta-controls-icon-position-left\"><a href=\"#1589719930620-98f0b5e1-717d\" data-vc-accordion data-vc-container=\".vc_tta-container\"><span class=\"vc_tta-title-text\">Co znamen\u00e1 \u201ePatipatti\u201c?<\/span><i class=\"vc_tta-controls-icon vc_tta-controls-icon-plus\"><\/i><\/a><\/h4><\/div><div class=\"vc_tta-panel-body\">\n\t<div class=\"wpb_text_column wpb_content_element\" >\n\t\t<div class=\"wpb_wrapper\">\n\t\t\t<p>\u201ePatipatti\u201c je slovo v jazyce Pali, kter\u00e9 znamen\u00e1 \u201euv\u00e9st do praxe\u201c. Douf\u00e1me, \u017ee budeme praktikovat v\u0161\u00edmavost a soucit v na\u0161em ka\u017edodenn\u00edm \u017eivot\u011b. A\u0165 jsou v\u0161echny bytosti \u0161\u0165astn\u00e9!<\/p>\n\n\t\t<\/div>\n\t<\/div>\n<\/div><\/div><\/div><\/div><\/div><\/div><\/div><\/div><\/div><div class=\"wpb_column vc_column_container col-sm-2\"><div class=\"vc_column-inner\"><div class=\"wpb_wrapper\"><\/div><\/div><\/div><\/div>\n<\/div>","protected":false},"excerpt":{"rendered":"Frequently Asked QuestionsGelatoWhat is your gelato made from? We make our gelato base from raw cashews, brazil nuts and oats. Our nuts and oats are ground into a paste, and mixed with sugar, salt, and other ingredients which are listed on the individual product pages. The base is given time to age so flavours fully [...]","protected":false},"author":1,"featured_media":0,"parent":0,"menu_order":0,"comment_status":"closed","ping_status":"closed","template":"","meta":{"footnotes":""},"class_list":["post-4196","page","type-page","status-publish","hentry"],"_links":{"self":[{"href":"https:\/\/www.patipatti.com\/cs\/wp-json\/wp\/v2\/pages\/4196","targetHints":{"allow":["GET"]}}],"collection":[{"href":"https:\/\/www.patipatti.com\/cs\/wp-json\/wp\/v2\/pages"}],"about":[{"href":"https:\/\/www.patipatti.com\/cs\/wp-json\/wp\/v2\/types\/page"}],"author":[{"embeddable":true,"href":"https:\/\/www.patipatti.com\/cs\/wp-json\/wp\/v2\/users\/1"}],"replies":[{"embeddable":true,"href":"https:\/\/www.patipatti.com\/cs\/wp-json\/wp\/v2\/comments?post=4196"}],"version-history":[{"count":0,"href":"https:\/\/www.patipatti.com\/cs\/wp-json\/wp\/v2\/pages\/4196\/revisions"}],"wp:attachment":[{"href":"https:\/\/www.patipatti.com\/cs\/wp-json\/wp\/v2\/media?parent=4196"}],"curies":[{"name":"wp","href":"https:\/\/api.w.org\/{rel}","templated":true}]}}