{"id":3971,"date":"2020-05-05T21:20:18","date_gmt":"2020-05-05T19:20:18","guid":{"rendered":"http:\/\/www.patipatti.com\/?page_id=3971"},"modified":"2021-07-30T19:44:16","modified_gmt":"2021-07-30T17:44:16","slug":"stockist","status":"publish","type":"page","link":"https:\/\/www.patipatti.com\/cs\/stockist\/","title":{"rendered":"Obchodn\u00edk"},"content":{"rendered":"<div class=\"wpb-content-wrapper\"><div class=\"vc_row wpb_row row vc_row-o-equal-height vc_row-flex\"><div class=\"wpb_column vc_column_container col-sm-2\"><div class=\"vc_column-inner\"><div class=\"wpb_wrapper\"><\/div><\/div><\/div><div class=\"wpb_column vc_column_container col-sm-8\"><div class=\"vc_column-inner\"><div class=\"wpb_wrapper\"><h2 style=\"font-size: 40px;color: #333333;line-height: 56px;text-align: center;font-family:Quicksand;font-weight:400;font-style:normal\" class=\"vc_custom_heading\" >Hledejte n\u00e1s v obchodech, restaurac\u00edch a kav\u00e1rn\u00e1ch.<\/h2>\n\t<div class=\"wpb_text_column wpb_content_element vc_custom_1627667049165\" >\n\t\t<div class=\"wpb_wrapper\">\n\t\t\t<p style=\"text-align: center;\"><strong>Vegansk\u00e9 gelato Patipatti je k dost\u00e1n\u00ed ve vybran\u00fdch obchodech v Praze a Plzni.<\/strong><\/p>\n<p style=\"text-align: center;\"><strong>M\u016f\u017eete tak\u00e9 naj\u00edt v\u00fdb\u011br na <a href=\"https:\/\/www.rohlik.cz\/hledat?q=patipatti&amp;companyId=1\" target=\"_blank\" rel=\"noopener\">Rohlik.cz<\/a>.<\/strong><\/p>\n<p style=\"text-align: center;\">Ve v\u00fdvoji jsou pl\u00e1ny na dod\u00e1n\u00ed do v\u00edce region\u016f. Na\u0161\u00edm hlavn\u00edm prostorem v Lubech nen\u00ed kav\u00e1rna \u2013 ale prod\u00e1v\u00e1me s sebou p\u016fllitry gelato spolu s v\u00fdb\u011brem \u010daje a \u010dajov\u00e9ho n\u00e1dob\u00ed.<\/p>\n<p style=\"text-align: center;\">Sledujte n\u00e1s na facebooku a instagramu, kde najdete novinky o nov\u00fdch prodejc\u00edch, doru\u010den\u00ed dom\u016f nebo akc\u00edch.<\/p>\n\n\t\t<\/div>\n\t<\/div>\n<\/div><\/div><\/div><div class=\"wpb_column vc_column_container col-sm-2\"><div class=\"vc_column-inner\"><div class=\"wpb_wrapper\"><\/div><\/div><\/div><\/div><div class=\"vc_row wpb_row row\"><div class=\"wpb_column vc_column_container col-sm-12\"><div class=\"vc_column-inner\"><div class=\"wpb_wrapper\"><div class=\"vc_empty_space\"   style=\"height: 32px\"><span class=\"vc_empty_space_inner\"><\/span><\/div><div class=\"vc_separator wpb_content_element vc_separator_align_center vc_sep_width_100 vc_sep_pos_align_center vc_separator_no_text vc_sep_color_grey wpb_content_element  wpb_content_element\" ><span class=\"vc_sep_holder vc_sep_holder_l\"><span class=\"vc_sep_line\"><\/span><\/span><span class=\"vc_sep_holder vc_sep_holder_r\"><span class=\"vc_sep_line\"><\/span><\/span>\n<\/div>\n\t<div class=\"wpb_text_column wpb_content_element\" >\n\t\t<div class=\"wpb_wrapper\">\n\t\t\t<style>\r\n\t#wpsl-stores .wpsl-store-thumb {height:45px !important; width:45px !important;}\r\n\t#wpsl-stores, #wpsl-direction-details, #wpsl-gmap {height:350px !important;}\r\n\t#wpsl-gmap .wpsl-info-window {max-width:225px !important;}\r\n\t.wpsl-input label, #wpsl-radius label, #wpsl-category label {width:95px;}\r\n\t#wpsl-search-input  {width:179px;}\r\n<\/style>\r\n<div id=\"wpsl-wrap\">\r\n\t<div class=\"wpsl-search wpsl-clearfix wpsl-filter wpsl-checkboxes-enabled\">\r\n\t\t<div id=\"wpsl-search-wrap\">\r\n\t\t\t<form autocomplete=\"off\" action=\"\">\r\n\t\t\t<div class=\"wpsl-input\">\r\n\t\t\t\t<div><label for=\"wpsl-search-input\">Va\u0161e pozice<\/label><\/div>\r\n\t\t\t\t<input id=\"wpsl-search-input\" type=\"text\" value=\"\" name=\"wpsl-search-input\" placeholder=\"\" aria-required=\"true\" \/>\r\n\t\t\t<\/div>\r\n\t\t\t<div class=\"wpsl-select-wrap\">\r\n\t\t\t\t<div id=\"wpsl-radius\">\r\n\t\t\t\t\t<label for=\"wpsl-radius-dropdown\">Polom\u011br vyhled\u00e1v\u00e1n\u00ed<\/label>\r\n\t\t\t\t\t<select id=\"wpsl-radius-dropdown\" class=\"wpsl-dropdown\" name=\"wpsl-radius\">\r\n\t\t\t\t\t\t<option value=\"10\">10 km<\/option><option value=\"25\">25 km<\/option><option selected=\"selected\" value=\"50\">50 km<\/option><option value=\"100\">100 km<\/option><option value=\"200\">200 km<\/option><option value=\"500\">500 km<\/option>\r\n\t\t\t\t\t<\/select>\r\n\t\t\t\t<\/div>\r\n\t\t\t\t<div id=\"wpsl-results\">\r\n\t\t\t\t\t<label for=\"wpsl-results-dropdown\">V\u00fdsledek<\/label>\r\n\t\t\t\t\t<select id=\"wpsl-results-dropdown\" class=\"wpsl-dropdown\" name=\"wpsl-results\">\r\n\t\t\t\t\t\t<option selected=\"selected\" value=\"25\">25<\/option><option value=\"50\">50<\/option><option value=\"75\">75<\/option><option value=\"100\">100<\/option>\r\n\t\t\t\t\t<\/select>\r\n\t\t\t\t<\/div>\r\n\t\t\t<\/div>\r\n<ul id=\"wpsl-checkbox-filter\" class=\"wpsl-checkbox-3-columns\"><li><label><input type=\"checkbox\" value=\"520\"  \/>Gelato \u2013 Kav\u00e1rny a restaurace<\/label><\/li><li><label><input type=\"checkbox\" value=\"264\"  \/>Gelato \u2013 Kel\u00edmek<\/label><\/li><li><label><input type=\"checkbox\" value=\"519\"  \/>\u010caje \u2013 Kav\u00e1rny a restaurace<\/label><\/li><li><label><input type=\"checkbox\" value=\"518\"  \/>\u010caje - Balen\u00e9<\/label><\/li><li><label><input type=\"checkbox\" value=\"1107\"  \/>\u010caj Yuzu - balen\u00fd<\/label><\/li><\/ul>\t\t\t\t<div class=\"wpsl-search-btn-wrap\"><input id=\"wpsl-search-btn\" type=\"submit\" value=\"Vyhled\u00e1v\u00e1n\u00ed\"><\/div>\r\n\t\t<input type=\"hidden\" name=\"trp-form-language\" value=\"cs\"\/><\/form>\r\n\t\t<\/div>\r\n\t<\/div>\r\n\t<div id=\"wpsl-gmap\" class=\"wpsl-gmap-canvas\"><\/div>\r\n\t<div id=\"wpsl-result-list\">\r\n\t\t<div id=\"wpsl-stores\" >\r\n\t\t\t<ul><\/ul>\r\n\t\t<\/div>\r\n\t\t<div id=\"wpsl-direction-details\">\r\n\t\t\t<ul><\/ul>\r\n\t\t<\/div>\r\n\t<\/div>\r\n<\/div>\r\n\n\n\t\t<\/div>\n\t<\/div>\n<\/div><\/div><\/div><\/div>\n<\/div>","protected":false},"excerpt":{"rendered":"Find us in stores, restaurants and cafes. Patipatti vegan gelato is available in selected shops in Prague and Plzen. You may also find a selection on Rohlik.cz. There are plans in development for delivery to more regions. Our main space in Luby is not a cafe \u2013 but we do sell gelato pints to go, [...]","protected":false},"author":1,"featured_media":0,"parent":0,"menu_order":0,"comment_status":"closed","ping_status":"closed","template":"","meta":{"footnotes":""},"class_list":["post-3971","page","type-page","status-publish","hentry"],"_links":{"self":[{"href":"https:\/\/www.patipatti.com\/cs\/wp-json\/wp\/v2\/pages\/3971","targetHints":{"allow":["GET"]}}],"collection":[{"href":"https:\/\/www.patipatti.com\/cs\/wp-json\/wp\/v2\/pages"}],"about":[{"href":"https:\/\/www.patipatti.com\/cs\/wp-json\/wp\/v2\/types\/page"}],"author":[{"embeddable":true,"href":"https:\/\/www.patipatti.com\/cs\/wp-json\/wp\/v2\/users\/1"}],"replies":[{"embeddable":true,"href":"https:\/\/www.patipatti.com\/cs\/wp-json\/wp\/v2\/comments?post=3971"}],"version-history":[{"count":0,"href":"https:\/\/www.patipatti.com\/cs\/wp-json\/wp\/v2\/pages\/3971\/revisions"}],"wp:attachment":[{"href":"https:\/\/www.patipatti.com\/cs\/wp-json\/wp\/v2\/media?parent=3971"}],"curies":[{"name":"wp","href":"https:\/\/api.w.org\/{rel}","templated":true}]}}