{"id":3451,"date":"2020-05-10T16:36:32","date_gmt":"2020-05-10T14:36:32","guid":{"rendered":"http:\/\/www.patipatti.com\/?page_id=3451"},"modified":"2024-06-13T13:42:03","modified_gmt":"2024-06-13T11:42:03","slug":"shipping","status":"publish","type":"page","link":"https:\/\/www.patipatti.com\/cs\/shipping\/","title":{"rendered":"Doprava"},"content":{"rendered":"<div class=\"wpb-content-wrapper\"><div class=\"vc_row wpb_row row\"><div class=\"wpb_column vc_column_container col-sm-2\"><div class=\"vc_column-inner \"><div class=\"wpb_wrapper\"><\/div><\/div><\/div><div class=\"wpb_column vc_column_container col-sm-8\"><div class=\"vc_column-inner \"><div class=\"wpb_wrapper\">\n\t<div class=\"wpb_text_column wpb_content_element\" >\n\t\t<div class=\"wpb_wrapper\">\n\t\t\t<p><b>The conditions below apply to regular customers.<\/b><\/p>\n<p>&nbsp;<\/p>\n<p>If you are interested in wholesale or catering, please contact us for more information on orders and delivery terms.<\/p>\n<p>&nbsp;<\/p>\n<h4 style=\"text-align: center;\"><b><u>Delivery of regular items (not requiring temperature control)<\/u><\/b><\/h4>\n<p>&nbsp;<\/p>\n<p><span style=\"font-weight: 400;\">Items will be sent within 1 &#8211; 3 working days to the address specified in the order form section [billing address], or [delivery address] if provided. If the item is not in stock and we are unable to send it within 3 working days, we will inform you by e-mail and offer you either the option to cancel with a refund, or sending only part of your order.<\/span><\/p>\n<p>&nbsp;<\/p>\n<p><b>Order Deadline: <\/b><span style=\"font-weight: 400;\">\u00a0\u00a0\u00a0 <\/span><span style=\"font-weight: 400;\">\u00a0\u00a0\u00a0 Every working day at <strong>12:00 CET<\/strong><\/span><\/p>\n<p>&nbsp;<\/p>\n<p>Please note that the delivery date depends on the time of receipt of the order. Orders received after the daily order deadline (after 12:00 CET) will not be processed until the next working day.<\/p>\n<p>&nbsp;<\/p>\n<h5><span style=\"text-decoration: underline;\"><b>Czech Republic<\/b><\/span><\/h5>\n<p>Delivery within 1 to 2 working days from the date of dispatch.<\/p>\n<p>&nbsp;<\/p>\n<table>\n<tbody>\n<tr>\n<td>\n<p><b>Shipping Method<\/b><\/p>\n<\/td>\n<td>\n<p><b>Cost (K\u010d)<\/b><\/p>\n<\/td>\n<td>\n<p><b>Additional Information<\/b><\/p>\n<\/td>\n<\/tr>\n<tr>\n<td>\n<p><span style=\"font-weight: 400;\">Home Delivery<\/span><\/p>\n<\/td>\n<td>\n<p style=\"text-align: center;\"><span style=\"font-weight: 400;\">109,-<\/span><\/p>\n<\/td>\n<td>\n<p style=\"text-align: center;\"><span style=\"font-weight: 400;\">Free for orders \u2265 1600,- K\u010d<\/span><\/p>\n<\/td>\n<\/tr>\n<tr>\n<td>\n<p><span style=\"font-weight: 400;\">Z\u00e1silkovna (Pick-Up Point)<\/span><\/p>\n<\/td>\n<td>\n<p style=\"text-align: center;\"><span style=\"font-weight: 400;\">85,-<\/span><\/p>\n<\/td>\n<td>\n<p style=\"text-align: center;\"><span style=\"font-weight: 400;\">Free for orders \u2265 1200,- K\u010d<\/span><\/p>\n<\/td>\n<\/tr>\n<tr>\n<td>\n<p><span style=\"font-weight: 400;\">Personal Collection<\/span><\/p>\n<\/td>\n<td>\n<p style=\"text-align: center;\"><span style=\"font-weight: 400;\">Free<\/span><\/p>\n<\/td>\n<td>Luby-Klatovy<\/td>\n<\/tr>\n<\/tbody>\n<\/table>\n<p><i><span style=\"font-weight: 400;\">Note: We use the services of Z\u00e1silkovna and their partners for transport. The listed prices are final (incl. VAT)<\/span><\/i><\/p>\n<p>&nbsp;<\/p>\n<h5><span style=\"text-decoration: underline;\"><b>Slovakia<\/b><\/span><\/h5>\n<p>Delivery within 2 to 3 working days from the date of dispatch.<\/p>\n<p>&nbsp;<\/p>\n<table style=\"height: 189px;\" width=\"553\">\n<tbody>\n<tr>\n<td>\n<p><b>\u00a0Shipping Method<\/b><\/p>\n<\/td>\n<td>\n<p style=\"text-align: center;\"><b>Cost (K\u010d)<\/b><\/p>\n<\/td>\n<td>\n<p style=\"text-align: center;\"><b>Additional Information<\/b><\/p>\n<\/td>\n<\/tr>\n<tr>\n<td>\n<p>Home Delivery<\/p>\n<\/td>\n<td>\n<p style=\"text-align: center;\">151,-<\/p>\n<\/td>\n<td>\n<p style=\"text-align: center;\">Free for orders \u2265 2400,- K\u010d<\/p>\n<\/td>\n<\/tr>\n<tr>\n<td>\n<p>Z\u00e1silkovna (Pick-Up Point)<\/p>\n<\/td>\n<td>\n<p style=\"text-align: center;\">103,-<\/p>\n<\/td>\n<td>\n<p style=\"text-align: center;\">Free for orders \u2265 1500,- K\u010d<\/p>\n<\/td>\n<\/tr>\n<\/tbody>\n<\/table>\n<p><i>Note: We use the services of Z\u00e1silkovna and their partners for transport. The listed prices are final (incl. VAT)<\/i><\/p>\n<p>&nbsp;<\/p>\n<h5><span style=\"text-decoration: underline;\"><b>Germany<br \/><\/b><\/span><\/h5>\n<table>\n<tbody>\n<tr>\n<td>\n<p><b>Shipping Method<\/b><\/p>\n<\/td>\n<td>\n<p><b>Cost (K\u010d)<\/b><\/p>\n<\/td>\n<td>\n<p><b>Additional Information<\/b><\/p>\n<\/td>\n<\/tr>\n<tr>\n<td>\n<p>DHL\/DPD Home Delivery<\/p>\n<\/td>\n<td>\n<p style=\"text-align: center;\">206,-<\/p>\n<\/td>\n<td>\n<p>Free for orders \u2265 2900,- K\u010d<\/p>\n<\/td>\n<\/tr>\n<\/tbody>\n<\/table>\n<h5><span style=\"text-decoration: underline;\"><b>Rest of EU<\/b><\/span><\/h5>\n<p>Please contact us regarding the calculation of shipping costs.<\/p>\n<p><span style=\"font-weight: 400;\">\u00a0<\/span><\/p>\n<h4 style=\"text-align: center;\"><b><u>Delivery of frozen and refrigerated goods<\/u><\/b><\/h4>\n<p>&nbsp;<\/p>\n<p><span style=\"font-weight: 400;\">The items will be delivered to you as part of our regular delivery schedule, which we carry out every 2 to 3 weeks in the summer season. If the items are not in stock and we cannot deliver them to you, we will try to contact you as soon as possible after receiving your order and we will offer you either cancellation of the order with full refund, or partial delivery of the order.<\/span><\/p>\n<p>&nbsp;<\/p>\n<p>If you find any issues with the frozen shipment, please contact us immediately upon delivery. We are not liable for any damage to the goods due to the customer&#8217;s inability to receive the shipment for any reason. If no one is present at the delivery address to accept the order, you will be charged a processing fee of 25% of the order value. You can then either request a refund of the order total (less processing fee) or request a re-delivery of the order during the next delivery date (in about 2 to 3 weeks). Redelivery of your order will be included on the next delivery date, only after the processing fee for non-receipt has been credited to our account.<\/p>\n<p>&nbsp;<\/p>\n<table>\n<tbody>\n<tr>\n<td>\n<p><span style=\"font-weight: 400;\">Minimum Order Quantity\u00a0<\/span><\/p>\n<\/td>\n<td>\n<p><span style=\"font-weight: 400;\">10 Pints<\/span><\/p>\n<\/td>\n<\/tr>\n<tr>\n<td>\n<p><span style=\"font-weight: 400;\">Delivery Areas<\/span><\/p>\n<\/td>\n<td>\n<p><span style=\"font-weight: 400;\">Klatovy, Plze\u0148, Praha, P\u0159\u00edbram, P\u00edsek, Strakonice, Klatovy<\/span><\/p>\n<\/td>\n<\/tr>\n<tr>\n<td>\n<p><span style=\"font-weight: 400;\">Delivery Method<\/span><\/p>\n<\/td>\n<td>\n<p><span style=\"font-weight: 400;\">As part of our regular delivery route and schedule. Contact us for more details<\/span><\/p>\n<\/td>\n<\/tr>\n<tr>\n<td>\n<p><span style=\"font-weight: 400;\">Order Deadline<\/span><\/p>\n<\/td>\n<td>\n<p><span style=\"font-weight: 400;\">3 days before the scheduled delivery date<\/span><\/p>\n<\/td>\n<\/tr>\n<tr>\n<td>\n<p><span style=\"font-weight: 400;\">Delivery Time<\/span><\/p>\n<\/td>\n<td>\n<p><span style=\"font-weight: 400;\">Between 9am to 5pm.<\/span><\/p>\n<\/td>\n<\/tr>\n<tr>\n<td>\n<p><span style=\"font-weight: 400;\">Service Fee<\/span><\/p>\n<\/td>\n<td>\n<p><span style=\"font-weight: 400;\">120,- K\u010d (including VAT)<\/span><\/p>\n<\/td>\n<\/tr>\n<\/tbody>\n<\/table>\n<p>&nbsp;<\/p>\n<p><span style=\"text-decoration: underline;\"><strong>It is important that you are present at the delivery address at the agreed time interval<\/strong><\/span> for receiving the shipment due to the frozen nature of the items. Frozen food will be packed only in ordinary cardboard boxes without additional thermoregulatory elements.<\/p>\n<p>&nbsp;<\/p>\n<p>In case of any questions regarding shipping costs and process, please do not hesitate to contact us: shop [at] patipatti [dot] com<\/p>\n<p>Thank you! : )<\/p>\n\n\t\t<\/div>\n\t<\/div>\n<\/div><\/div><\/div><div class=\"wpb_column vc_column_container col-sm-2\"><div class=\"vc_column-inner \"><div class=\"wpb_wrapper\"><\/div><\/div><\/div><\/div><div class=\"vc_row wpb_row row\"><div class=\"wpb_column vc_column_container col-sm-12\"><div class=\"vc_column-inner \"><div class=\"wpb_wrapper\"><\/div><\/div><\/div><\/div><\/div>","protected":false},"excerpt":{"rendered":"The conditions below apply to regular customers. &nbsp; If you are interested in wholesale or catering, please contact us for more information on orders and delivery terms. &nbsp; Delivery of regular items (not requiring temperature control) &nbsp; Items will be sent within 1 - 3 working days to the address specified in the order form [...]","protected":false},"author":1,"featured_media":0,"parent":0,"menu_order":0,"comment_status":"closed","ping_status":"closed","template":"","meta":{"footnotes":""},"class_list":["post-3451","page","type-page","status-publish","hentry"],"_links":{"self":[{"href":"https:\/\/www.patipatti.com\/cs\/wp-json\/wp\/v2\/pages\/3451","targetHints":{"allow":["GET"]}}],"collection":[{"href":"https:\/\/www.patipatti.com\/cs\/wp-json\/wp\/v2\/pages"}],"about":[{"href":"https:\/\/www.patipatti.com\/cs\/wp-json\/wp\/v2\/types\/page"}],"author":[{"embeddable":true,"href":"https:\/\/www.patipatti.com\/cs\/wp-json\/wp\/v2\/users\/1"}],"replies":[{"embeddable":true,"href":"https:\/\/www.patipatti.com\/cs\/wp-json\/wp\/v2\/comments?post=3451"}],"version-history":[{"count":0,"href":"https:\/\/www.patipatti.com\/cs\/wp-json\/wp\/v2\/pages\/3451\/revisions"}],"wp:attachment":[{"href":"https:\/\/www.patipatti.com\/cs\/wp-json\/wp\/v2\/media?parent=3451"}],"curies":[{"name":"wp","href":"https:\/\/api.w.org\/{rel}","templated":true}]}}